{"id":8102,"date":"2018-02-28T07:40:59","date_gmt":"2018-02-28T07:40:59","guid":{"rendered":"https:\/\/enovathemes.com\/globax\/?page_id=8102"},"modified":"2025-12-23T17:49:42","modified_gmt":"2025-12-23T17:49:42","slug":"contact","status":"publish","type":"page","link":"https:\/\/www.asrtransit.com\/en\/?page_id=8102","title":{"rendered":"Contact"},"content":{"rendered":"<p>[vc_row gap=&#8221;80&#8243; css=&#8221;.vc_custom_1530533604775{padding-top: 40px !important;padding-bottom: 40px !important;}&#8221;][vc_column animation_delay=&#8221;0&#8243; offset=&#8221;vc_col-lg-8 vc_col-md-8 vc_col-xs-12&#8243;][vc_column_text]<h3 id=\"et-animated-title-1\" class=\"et-animated-title et-clearfix  words-direct\" data-mobile-font=\"24px\" data-tablet-font=\"32px\" data-delay=\"\" style=\"font-size:48px;font-weight:700;line-height:56px;color:#212121;\"><span class=\"text-wrapper\"><span class=\"text\">Contact Us<\/span><\/span><\/h3><div class=\"gap et-clearfix \" style=\"height:72px\"><\/div>[vc_row_inner content_placement=&#8221;middle&#8221;][vc_column_inner][vc_gmaps link=&#8221;#E-8_JTNDaWZyYW1lJTIwc3JjJTNEJTIyaHR0cHMlM0ElMkYlMkZ3d3cuZ29vZ2xlLmNvbSUyRm1hcHMlMkZlbWJlZCUzRnBiJTNEJTIxMW0xNCUyMTFtOCUyMTFtMyUyMTFkMzAxMi4zMjQ2ODY5NTAzNzY0JTIxMmQyOS4wOTU5MTIxJTIxM2Q0MC45NzQzNzA2JTIxM20yJTIxMWkxMDI0JTIxMmk3NjglMjE0ZjEzLjElMjEzbTMlMjExbTIlMjExczB4MTRjYWM2NGMxZmMxMmNlMSUyNTNBMHhlMGNmOTc2OWQzNjRmNWJiJTIxMnNDZW1hbCUyNTIwQmV5JTI1MjAlMjVDNCUyNUIwJTI1QzUlMjU5RiUyNTIwTWVya2V6aSUyMTVlMCUyMTNtMiUyMTFzdHIlMjEyc3RyJTIxNHYxNjY2MDkwODgyODc5JTIxNW0yJTIxMXN0ciUyMTJzdHIlMjIlMjB3aWR0aCUzRCUyMjYwMCUyMiUyMGhlaWdodCUzRCUyMjQ1MCUyMiUyMHN0eWxlJTNEJTIyYm9yZGVyJTNBMCUzQiUyMiUyMGFsbG93ZnVsbHNjcmVlbiUzRCUyMiUyMiUyMGxvYWRpbmclM0QlMjJsYXp5JTIyJTIwcmVmZXJyZXJwb2xpY3klM0QlMjJuby1yZWZlcnJlci13aGVuLWRvd25ncmFkZSUyMiUzRSUzQyUyRmlmcmFtZSUzRQ==&#8221;][\/vc_column_inner][\/vc_row_inner][\/vc_column_text][\/vc_column][vc_column animation_delay=&#8221;0&#8243; css=&#8221;.vc_custom_1532512947266{border-left-width: 1px !important;padding-left: 20% !important;border-left-color: #e0e0e0 !important;border-left-style: solid !important;border-radius: 1px !important;}&#8221; el_class=&#8221;et-element-column-with-border-left text767-align-center&#8221; offset=&#8221;vc_col-lg-4 vc_col-md-4 vc_col-xs-12&#8243;][vc_custom_heading text=&#8221;ASR TRANS LOGISTICS&#8221; font_container=&#8221;tag:h6|font_size:18px|text_align:left|line_height:32px&#8221; use_theme_fonts=&#8221;yes&#8221; el_class=&#8221;text767-align-center&#8221;][vc_custom_heading text=&#8221;Kozyata\u011f\u0131 De\u011firmen Sok. No:11<br \/>\nCemal Bey \u0130\u015f Merkezi Kat:6 No:23-25,<br \/>\n34742 Kad\u0131k\u00f6y\/\u0130stanbul&#8221; font_container=&#8221;tag:p|text_align:left|color:%23616161&#8243; use_theme_fonts=&#8221;yes&#8221; el_class=&#8221;text767-align-center&#8221;][vc_custom_heading text=&#8221;PHONE&#8221; font_container=&#8221;tag:h6|font_size:18px|text_align:left|line_height:32px&#8221; use_theme_fonts=&#8221;yes&#8221; el_class=&#8221;text767-align-center&#8221;][vc_custom_heading text=&#8221;+90 533 033 82 77&#8243; font_container=&#8221;tag:p|text_align:left|color:%23616161&#8243; use_theme_fonts=&#8221;yes&#8221; el_class=&#8221;text767-align-center&#8221; link=&#8221;url:tel%3A%2B90%20533%20033%2082%2077|title:%2B90%20533%20033%2082%2077&#8243;][vc_custom_heading text=&#8221;+90 533 576 57 75&#8243; font_container=&#8221;tag:p|text_align:left|color:%23616161&#8243; use_theme_fonts=&#8221;yes&#8221; el_class=&#8221;text767-align-center&#8221; link=&#8221;url:tel%3A%2B90%20533%20576%2057%2075|title:%2B90%20533%20576%2057%2075&#8243;][vc_custom_heading text=&#8221;E-MAIL&#8221; font_container=&#8221;tag:h6|font_size:18px|text_align:left|line_height:32px&#8221; use_theme_fonts=&#8221;yes&#8221; el_class=&#8221;text767-align-center&#8221;][vc_custom_heading text=&#8221;operation@asrtransit.com&#8221; font_container=&#8221;tag:p|text_align:left|color:%23616161&#8243; use_theme_fonts=&#8221;yes&#8221; el_class=&#8221;text767-align-center&#8221; link=&#8221;url:mailto%3Ainfo%40asrtransit.com|title:info&#8221;][vc_custom_heading text=&#8221;Working Hours&#8221; font_container=&#8221;tag:h6|font_size:18px|text_align:left|line_height:32px&#8221; use_theme_fonts=&#8221;yes&#8221; el_class=&#8221;text767-align-center&#8221;][vc_custom_heading text=&#8221;Monday &#8211; Friday \/ 09:00 &#8211; 18:00&#8243; font_container=&#8221;tag:p|text_align:left|color:%23616161&#8243; use_theme_fonts=&#8221;yes&#8221; el_class=&#8221;text767-align-center&#8221;][\/vc_column][\/vc_row][vc_row][vc_column][vc_raw_js]JTNDc2NyaXB0JTIwc3JjJTNEJTIyaHR0cHMlM0ElMkYlMkZhamF4Lmdvb2dsZWFwaXMuY29tJTJGYWpheCUyRmxpYnMlMkZqcXVlcnklMkYzLjYuMCUyRmpxdWVyeS5taW4uanMlMjIlM0UlM0MlMkZzY3JpcHQlM0UlMEElM0NzY3JpcHQlM0UlMEElMjQlMjglMjcuZXQtYnJlYWRjcnVtYnMlMjAuY29udGFpbmVyJTIwYSUyNyUyOS50ZXh0JTI4JTI3SE9NRSUyMFBBR0UlMjclMjklM0IlMEElM0MlMkZzY3JpcHQlM0U=[\/vc_raw_js][\/vc_column][\/vc_row]<\/p>\n","protected":false},"excerpt":{"rendered":"<p>Leverage agile frameworks to provide a robust synopsis for high level overviews. Iterative approaches to corporate strategy foster collaborative thinking to further the overall value proposition. Organically grow the holistic world view of disruptive innovation via workplace diversity and empowerment.<\/p>\n","protected":false},"author":1,"featured_media":0,"parent":0,"menu_order":0,"comment_status":"closed","ping_status":"closed","template":"page-vc.php","meta":{"_monsterinsights_skip_tracking":false,"_monsterinsights_sitenote_active":false,"_monsterinsights_sitenote_note":"","_monsterinsights_sitenote_category":0,"footnotes":""},"class_list":["post-8102","page","type-page","status-publish","hentry"],"aioseo_notices":[],"_links":{"self":[{"href":"https:\/\/www.asrtransit.com\/en\/index.php?rest_route=\/wp\/v2\/pages\/8102","targetHints":{"allow":["GET"]}}],"collection":[{"href":"https:\/\/www.asrtransit.com\/en\/index.php?rest_route=\/wp\/v2\/pages"}],"about":[{"href":"https:\/\/www.asrtransit.com\/en\/index.php?rest_route=\/wp\/v2\/types\/page"}],"author":[{"embeddable":true,"href":"https:\/\/www.asrtransit.com\/en\/index.php?rest_route=\/wp\/v2\/users\/1"}],"replies":[{"embeddable":true,"href":"https:\/\/www.asrtransit.com\/en\/index.php?rest_route=%2Fwp%2Fv2%2Fcomments&post=8102"}],"version-history":[{"count":26,"href":"https:\/\/www.asrtransit.com\/en\/index.php?rest_route=\/wp\/v2\/pages\/8102\/revisions"}],"predecessor-version":[{"id":13898,"href":"https:\/\/www.asrtransit.com\/en\/index.php?rest_route=\/wp\/v2\/pages\/8102\/revisions\/13898"}],"wp:attachment":[{"href":"https:\/\/www.asrtransit.com\/en\/index.php?rest_route=%2Fwp%2Fv2%2Fmedia&parent=8102"}],"curies":[{"name":"wp","href":"https:\/\/api.w.org\/{rel}","templated":true}]}}